{"id":4047,"date":"2021-12-28T10:09:29","date_gmt":"2021-12-28T10:09:29","guid":{"rendered":"https:\/\/www.naduseducation.com\/?page_id=4047"},"modified":"2021-12-30T10:52:12","modified_gmt":"2021-12-30T10:52:12","slug":"%d8%a7%d8%aa%d8%b5%d9%84-%d8%a8%d9%86%d8%a7","status":"publish","type":"page","link":"https:\/\/www.naduseducation.com\/ar\/%d8%a7%d8%aa%d8%b5%d9%84-%d8%a8%d9%86%d8%a7\/","title":{"rendered":"\u0627\u062a\u0635\u0644 \u0628\u0646\u0627"},"content":{"rendered":"\t\t<div data-elementor-type=\"wp-page\" data-elementor-id=\"4047\" class=\"elementor elementor-4047 elementor-246\" data-elementor-settings=\"[]\">\n\t\t\t\t\t\t<div class=\"elementor-inner\">\n\t\t\t\t\t\t\t<div class=\"elementor-section-wrap\">\n\t\t\t\t\t\t\t<section class=\"elementor-section elementor-top-section elementor-element elementor-element-3cfc6dc elementor-section-full_width elementor-section-height-default elementor-section-height-default\" data-id=\"3cfc6dc\" data-element_type=\"section\">\n\t\t\t\t\t\t<div class=\"elementor-container elementor-column-gap-no\">\n\t\t\t\t\t\t\t<div class=\"elementor-row\">\n\t\t\t\t\t<div class=\"elementor-column elementor-col-100 elementor-top-column elementor-element elementor-element-ad922e7\" data-id=\"ad922e7\" data-element_type=\"column\">\n\t\t\t<div class=\"elementor-column-wrap elementor-element-populated\">\n\t\t\t\t\t\t\t<div class=\"elementor-widget-wrap\">\n\t\t\t\t\t\t<div class=\"elementor-element elementor-element-0082aec elementor-widget elementor-widget-Contact_Area\" data-id=\"0082aec\" data-element_type=\"widget\" data-widget_type=\"Contact_Area.default\">\n\t\t\t\t<div class=\"elementor-widget-container\">\n\t\t\t        <div class=\"contact-area ptb-100\">\r\n            <div class=\"container\">\r\n                <div class=\"row\">\r\n                    <div class=\"col-lg-6 col-md-12\">\r\n                        <div class=\"contact-info\">\r\n                            <span class=\"sub-title\">\u0628\u064a\u0627\u0646\u0627\u062a \u0627\u0644\u0645\u062a\u0635\u0644<\/span>\r\n                            <h2>\u0627\u0628\u0642\u0649 \u0639\u0644\u0649 \u062a\u0648\u0627\u0635\u0644<\/h2>\r\n                            \r\n\r\n                            <ul>\r\n                                                                    <li>\r\n                                        <div class=\"icon\">\r\n                                            <i class=\"bx bx-map\"><\/i>\r\n                                        <\/div>\r\n                                        <h3>\u0639\u0646\u0648\u0627\u0646\u0646\u0627<\/h3>\r\n                                        <p> Yarg\u0131\u00e7 Naim Oktay Sk. No:9\n\nAk\u015femsettin, 34080 Fatih\/\u0130stanbul\n<\/p>                                    <\/li>\r\n                                                                    <li>\r\n                                        <div class=\"icon\">\r\n                                            <i class=\"flaticon-calendar\"><\/i>\r\n                                        <\/div>\r\n                                        <h3>\u0628\u0631\u064a\u062f \u0627\u0644\u0627\u0644\u0643\u062a\u0631\u0648\u0646\u064a<\/h3>\r\n                                        <p> <a href=\"mailto:info@naduseducation.com\">info@naduseducation.com<\/a><\/p>\n                                    <\/li>\r\n                                                                    <li>\r\n                                        <div class=\"icon\">\r\n                                            <i class=\"bx bx-phone-call\"><\/i>\r\n                                        <\/div>\r\n                                        <h3>\u0627\u062a\u0635\u0644<\/h3>\r\n                                        <p dir=\"ltr\"> <a href=\"tel:+902125250303\">+902125250303\n<\/a><\/p>\n\n\n                                    <\/li>\r\n                                                                    <li>\r\n                                        <div class=\"icon\">\r\n                                            <i class=\"bx bx-time-five\"><\/i>\r\n                                        <\/div>\r\n                                        <h3>\u0633\u0627\u0639\u0627\u062a \u0627\u0644\u0639\u0645\u0644<\/h3>\r\n                                        <p>\u0627\u0644\u0625\u062b\u0646\u064a\u0646\u060c \u0627\u0644\u062c\u0645\u0639\u0629 :  9:00 \u0635\u0628\u0627\u062d\u0627- 7:00 \u0645\u0633\u0627\u0621\n<\/p>\n<p>\u0627\u0644\u0633\u0628\u062a : 9:00 \u0635\u0628\u0627\u062d\u0627- 2:00 \u0645\u0633\u0627\u0621<\/p>                                     <\/li>\r\n                                                            <\/ul>\r\n                        <\/div>\r\n                    <\/div>\r\n\r\n                    <div class=\"col-lg-6 col-md-12\">\r\n                        <div class=\"contact-form\" style=\"background-image:url(https:\/\/www.naduseducation.com\/wp-content\/uploads\/2020\/05\/register-shape.jpg);\">\r\n                            <h2>\u0639\u0644\u0649 \u0627\u0633\u062a\u0639\u062f\u0627\u062f \u0644\u0644\u0628\u062f\u0621\u061f<\/h2>\r\n\r\n                            <p>\u0644\u0646 \u064a\u062a\u0645 \u0646\u0634\u0631 \u0639\u0646\u0648\u0627\u0646 \u0628\u0631\u064a\u062f\u0643 \u0627\u0644\u0625\u0644\u0643\u062a\u0631\u0648\u0646\u064a. \u0627\u0644\u062d\u0642\u0648\u0644 \u0627\u0644\u0645\u0637\u0644\u0648\u0628\u0629 \u0645\u062d\u062f\u062f\u0629 *<\/p>\r\n\r\n                            \n<div class=\"wpcf7 no-js\" id=\"wpcf7-f4104-o1\" lang=\"en-US\" dir=\"ltr\" data-wpcf7-id=\"4104\">\n<div class=\"screen-reader-response\"><p role=\"status\" aria-live=\"polite\" aria-atomic=\"true\"><\/p> <ul><\/ul><\/div>\n<form action=\"\/ar\/wp-json\/wp\/v2\/pages\/4047\/#wpcf7-f4104-o1\" method=\"post\" class=\"wpcf7-form init\" aria-label=\"Contact form\" novalidate=\"novalidate\" data-status=\"init\">\n<fieldset class=\"hidden-fields-container\"><input type=\"hidden\" name=\"_wpcf7\" value=\"4104\" \/><input type=\"hidden\" name=\"_wpcf7_version\" value=\"6.1.4\" \/><input type=\"hidden\" name=\"_wpcf7_locale\" value=\"en_US\" \/><input type=\"hidden\" name=\"_wpcf7_unit_tag\" value=\"wpcf7-f4104-o1\" \/><input type=\"hidden\" name=\"_wpcf7_container_post\" value=\"0\" \/><input type=\"hidden\" name=\"_wpcf7_posted_data_hash\" value=\"\" \/>\n<\/fieldset>\n<div class=\"row\">\n\t<div class=\"col-lg-12 col-md-6\">\n\t\t<div class=\"form-group\">\n\t\t\t<p><span class=\"wpcf7-form-control-wrap\" data-name=\"your-name\"><input size=\"40\" maxlength=\"400\" class=\"wpcf7-form-control wpcf7-text wpcf7-validates-as-required form-control\" aria-required=\"true\" aria-invalid=\"false\" placeholder=\"\u0627\u0644\u0627\u0633\u0645 \u0627\u0644\u0643\u0627\u0645\u0644\" value=\"\" type=\"text\" name=\"your-name\" \/><\/span>\n\t\t\t<\/p>\n\t\t<\/div>\n\t<\/div>\n\t<div class=\"col-lg-12 col-md-6\">\n\t\t<div class=\"form-group\">\n\t\t\t<p><span class=\"wpcf7-form-control-wrap\" data-name=\"your-email\"><input size=\"40\" maxlength=\"400\" class=\"wpcf7-form-control wpcf7-email wpcf7-validates-as-required wpcf7-text wpcf7-validates-as-email form-control\" aria-required=\"true\" aria-invalid=\"false\" placeholder=\"\u0639\u0646\u0648\u0627\u0646 \u0628\u0631\u064a\u062f\u0643 \u0627\u0644\u0625\u0644\u0643\u062a\u0631\u0648\u0646\u064a\" value=\"\" type=\"email\" name=\"your-email\" \/><\/span>\n\t\t\t<\/p>\n\t\t<\/div>\n\t<\/div>\n\t<div class=\"col-lg-12 col-md-12\">\n\t\t<div class=\"form-group\">\n\t\t\t<p><span class=\"wpcf7-form-control-wrap\" data-name=\"your-subject\"><input size=\"40\" maxlength=\"400\" class=\"wpcf7-form-control wpcf7-text wpcf7-validates-as-required form-control\" aria-required=\"true\" aria-invalid=\"false\" placeholder=\"\u0627\u0644\u0645\u0648\u0636\u0648\u0639\" value=\"\" type=\"text\" name=\"your-subject\" \/><\/span>\n\t\t\t<\/p>\n\t\t<\/div>\n\t<\/div>\n\t<div class=\"col-lg-12 col-md-12\">\n\t\t<div class=\"form-group\">\n\t\t\t<p><span class=\"wpcf7-form-control-wrap\" data-name=\"your-message\"><textarea cols=\"40\" rows=\"5\" maxlength=\"2000\" class=\"wpcf7-form-control wpcf7-textarea form-control\" aria-invalid=\"false\" placeholder=\"\u0627\u0644\u0646\u0635\" name=\"your-message\"><\/textarea><\/span>\n\t\t\t<\/p>\n\t\t<\/div>\n\t<\/div>\n\t<div class=\"col-lg-12 col-md-12\">\n\t\t<p><span class=\"wpcf7-form-control-wrap\" data-name=\"gdpr\"><span class=\"wpcf7-form-control wpcf7-acceptance\"><span class=\"wpcf7-list-item\"><label><input type=\"checkbox\" name=\"gdpr\" value=\"1\" class=\"gdpr-term\" aria-invalid=\"false\" \/><span class=\"wpcf7-list-item-label\">\u0642\u0628\u0648\u0644<a href=\"https:\/\/www.naduseducation.com\/terms-conditions\/\">\u0627\u0644\u0634\u0631\u0648\u0637 \u0648\u0627\u0644\u0623\u062d\u0643\u0627\u0645 <\/a> &<a href=\"https:\/\/www.naduseducation.com\/privacy-policy\/\">\u0633\u064a\u0627\u0633\u0629 \u0627\u0644\u062e\u0635\u0648\u0635\u064a\u0629 <\/a>.<\/span><\/label><\/span><\/span><\/span>\n\t\t<\/p>\n\t<\/div>\n\t<div class=\"col-lg-12 col-md-12\">\n\t\t<p><button type=\"submit\" class=\"default-btn\">\u0627\u0631\u0633\u0644<span><\/span><\/button>\n\t\t<\/p>\n\t<\/div>\n<\/div><div class=\"wpcf7-response-output\" aria-hidden=\"true\"><\/div>\n<\/form>\n<\/div>\n                        <\/div>\r\n                    <\/div>\r\n                <\/div>\r\n            <\/div>\r\n        <\/div>  \r\n        \t\t<\/div>\n\t\t\t\t<\/div>\n\t\t\t\t\t\t<\/div>\n\t\t\t\t\t<\/div>\n\t\t<\/div>\n\t\t\t\t\t\t\t\t<\/div>\n\t\t\t\t\t<\/div>\n\t\t<\/section>\n\t\t\t\t<section class=\"elementor-section elementor-top-section elementor-element elementor-element-defbcd6 elementor-section-full_width elementor-section-height-default elementor-section-height-default\" data-id=\"defbcd6\" data-element_type=\"section\">\n\t\t\t\t\t\t<div class=\"elementor-container elementor-column-gap-no\">\n\t\t\t\t\t\t\t<div class=\"elementor-row\">\n\t\t\t\t\t<div class=\"elementor-column elementor-col-100 elementor-top-column elementor-element elementor-element-69b8d12\" data-id=\"69b8d12\" data-element_type=\"column\">\n\t\t\t<div class=\"elementor-column-wrap elementor-element-populated\">\n\t\t\t\t\t\t\t<div class=\"elementor-widget-wrap\">\n\t\t\t\t\t\t<div class=\"elementor-element elementor-element-73bba78 elementor-widget elementor-widget-google_maps\" data-id=\"73bba78\" data-element_type=\"widget\" data-widget_type=\"google_maps.default\">\n\t\t\t\t<div class=\"elementor-widget-container\">\n\t\t\t\t\t<div class=\"elementor-custom-embed\">\n\t\t\t<iframe frameborder=\"0\" scrolling=\"no\" marginheight=\"0\" marginwidth=\"0\"\n\t\t\t\t\tsrc=\"https:\/\/maps.google.com\/maps?q=Ak%C5%9Femsettin%2C%20Yarg%C4%B1%C3%A7%20Naim%20Oktay%20Sk.%20No%3A9%2C%2034080%20Fatih%2F%C4%B0stanbul&#038;t=m&#038;z=13&#038;output=embed&#038;iwloc=near\"\n\t\t\t\t\ttitle=\"Ak\u015femsettin, Yarg\u0131\u00e7 Naim Oktay Sk. No:9, 34080 Fatih\/\u0130stanbul\"\n\t\t\t\t\taria-label=\"Ak\u015femsettin, Yarg\u0131\u00e7 Naim Oktay Sk. No:9, 34080 Fatih\/\u0130stanbul\"><\/iframe>\n\t\t<\/div>\n\t\t\t\t<\/div>\n\t\t\t\t<\/div>\n\t\t\t\t\t\t<\/div>\n\t\t\t\t\t<\/div>\n\t\t<\/div>\n\t\t\t\t\t\t\t\t<\/div>\n\t\t\t\t\t<\/div>\n\t\t<\/section>\n\t\t\t\t\t\t<\/div>\n\t\t\t\t\t\t<\/div>\n\t\t\t\t\t<\/div>\n\t\t","protected":false},"excerpt":{"rendered":"<p>\u0628\u064a\u0627\u0646\u0627\u062a \u0627\u0644\u0645\u062a\u0635\u0644 \u0627\u0628\u0642\u0649 \u0639\u0644\u0649 \u062a\u0648\u0627\u0635\u0644 \u0639\u0646\u0648\u0627\u0646\u0646\u0627 Yarg\u0131\u00e7 Naim Oktay Sk. No:9 Ak\u015femsettin, 34080 Fatih\/\u0130stanbul \u0628\u0631\u064a\u062f \u0627\u0644\u0627\u0644\u0643\u062a\u0631\u0648\u0646\u064a info@naduseducation.com \u0627\u062a\u0635\u0644 +902125250303 \u0633\u0627\u0639\u0627\u062a <\/p>\n","protected":false},"author":1,"featured_media":0,"parent":0,"menu_order":0,"comment_status":"closed","ping_status":"closed","template":"","meta":{"footnotes":""},"class_list":["post-4047","page","type-page","status-publish","hentry"],"_links":{"self":[{"href":"https:\/\/www.naduseducation.com\/ar\/wp-json\/wp\/v2\/pages\/4047\/"}],"collection":[{"href":"https:\/\/www.naduseducation.com\/ar\/wp-json\/wp\/v2\/pages\/"}],"about":[{"href":"https:\/\/www.naduseducation.com\/ar\/wp-json\/wp\/v2\/types\/page\/"}],"author":[{"embeddable":true,"href":"https:\/\/www.naduseducation.com\/ar\/wp-json\/wp\/v2\/users\/1\/"}],"replies":[{"embeddable":true,"href":"https:\/\/www.naduseducation.com\/ar\/wp-json\/wp\/v2\/comments\/?post=4047"}],"version-history":[{"count":18,"href":"https:\/\/www.naduseducation.com\/ar\/wp-json\/wp\/v2\/pages\/4047\/revisions\/"}],"predecessor-version":[{"id":4115,"href":"https:\/\/www.naduseducation.com\/ar\/wp-json\/wp\/v2\/pages\/4047\/revisions\/4115\/"}],"wp:attachment":[{"href":"https:\/\/www.naduseducation.com\/ar\/wp-json\/wp\/v2\/media\/?parent=4047"}],"curies":[{"name":"wp","href":"https:\/\/api.w.org\/{rel}","templated":true}]}}